{"id":924,"date":"2024-03-27T14:13:41","date_gmt":"2024-03-27T14:13:41","guid":{"rendered":"https:\/\/rlcongo.co.za\/?page_id=924"},"modified":"2024-03-28T12:24:14","modified_gmt":"2024-03-28T12:24:14","slug":"informations","status":"publish","type":"page","link":"https:\/\/rlcongo.co.za\/?page_id=924","title":{"rendered":"Informations"},"content":{"rendered":"\t\t<div data-elementor-type=\"wp-page\" data-elementor-id=\"924\" class=\"elementor elementor-924\">\n\t\t\t\t<div class=\"elementor-element elementor-element-bcfaa04 e-flex e-con-boxed e-con e-parent\" data-id=\"bcfaa04\" data-element_type=\"container\" data-settings=\"{&quot;background_background&quot;:&quot;classic&quot;,&quot;content_width&quot;:&quot;boxed&quot;}\" data-core-v316-plus=\"true\">\n\t\t\t\t\t<div class=\"e-con-inner\">\n\t\t<div class=\"elementor-element elementor-element-27eb978 e-con-full e-flex e-con e-child\" data-id=\"27eb978\" data-element_type=\"container\" data-settings=\"{&quot;content_width&quot;:&quot;full&quot;}\">\n\t\t\t\t<div class=\"elementor-element elementor-element-3ba9847 elementor-widget elementor-widget-image\" data-id=\"3ba9847\" data-element_type=\"widget\" data-widget_type=\"image.default\">\n\t\t\t\t<div class=\"elementor-widget-container\">\n\t\t\t<style>\/*! elementor - v3.19.0 - 07-02-2024 *\/\n.elementor-widget-image{text-align:center}.elementor-widget-image a{display:inline-block}.elementor-widget-image a img[src$=\".svg\"]{width:48px}.elementor-widget-image img{vertical-align:middle;display:inline-block}<\/style>\t\t\t\t\t\t\t\t\t\t<img fetchpriority=\"high\" decoding=\"async\" width=\"275\" height=\"183\" src=\"https:\/\/rlcongo.co.za\/wp-content\/uploads\/2024\/03\/images.jpeg\" class=\"attachment-large size-large wp-image-940\" alt=\"\" \/>\t\t\t\t\t\t\t\t\t\t\t\t\t<\/div>\n\t\t\t\t<\/div>\n\t\t\t\t<\/div>\n\t\t<div class=\"elementor-element elementor-element-5153375 e-con-full e-flex e-con e-child\" data-id=\"5153375\" data-element_type=\"container\" data-settings=\"{&quot;content_width&quot;:&quot;full&quot;}\">\n\t\t\t\t<div class=\"elementor-element elementor-element-a21153b elementor-widget elementor-widget-heading\" data-id=\"a21153b\" data-element_type=\"widget\" data-widget_type=\"heading.default\">\n\t\t\t\t<div class=\"elementor-widget-container\">\n\t\t\t<style>\/*! elementor - v3.19.0 - 07-02-2024 *\/\n.elementor-heading-title{padding:0;margin:0;line-height:1}.elementor-widget-heading .elementor-heading-title[class*=elementor-size-]>a{color:inherit;font-size:inherit;line-height:inherit}.elementor-widget-heading .elementor-heading-title.elementor-size-small{font-size:15px}.elementor-widget-heading .elementor-heading-title.elementor-size-medium{font-size:19px}.elementor-widget-heading .elementor-heading-title.elementor-size-large{font-size:29px}.elementor-widget-heading .elementor-heading-title.elementor-size-xl{font-size:39px}.elementor-widget-heading .elementor-heading-title.elementor-size-xxl{font-size:59px}<\/style><h2 class=\"elementor-heading-title elementor-size-default\">Un voyage \u00e0 Lubumbashi<\/h2>\t\t<\/div>\n\t\t\t\t<\/div>\n\t\t\t\t<div class=\"elementor-element elementor-element-0a148e8 elementor-widget elementor-widget-text-editor\" data-id=\"0a148e8\" data-element_type=\"widget\" data-widget_type=\"text-editor.default\">\n\t\t\t\t<div class=\"elementor-widget-container\">\n\t\t\t<style>\/*! elementor - v3.19.0 - 07-02-2024 *\/\n.elementor-widget-text-editor.elementor-drop-cap-view-stacked .elementor-drop-cap{background-color:#69727d;color:#fff}.elementor-widget-text-editor.elementor-drop-cap-view-framed .elementor-drop-cap{color:#69727d;border:3px solid;background-color:transparent}.elementor-widget-text-editor:not(.elementor-drop-cap-view-default) .elementor-drop-cap{margin-top:8px}.elementor-widget-text-editor:not(.elementor-drop-cap-view-default) .elementor-drop-cap-letter{width:1em;height:1em}.elementor-widget-text-editor .elementor-drop-cap{float:left;text-align:center;line-height:1;font-size:50px}.elementor-widget-text-editor .elementor-drop-cap-letter{display:inline-block}<\/style>\t\t\t\t<p><span class=\"Y2IQFc\" lang=\"fr\">Le Pr\u00e9sident James Kayembe sera a Haut Katanga le 15 avril 2024 pour 2 semaines et demande \u00e0 tous les cadres de se rendre disponibles pendant tous les jours o\u00f9 il sera en province. Le pr\u00e9sident James demande \u00e9galement \u00e0 tous les membres qui avaient un plan d&#8217;affaires de pr\u00e9senter leurs id\u00e9es pour plus d&#8217;informations.<\/span><\/p>\t\t\t\t\t\t<\/div>\n\t\t\t\t<\/div>\n\t\t\t\t<\/div>\n\t\t\t\t\t<\/div>\n\t\t\t\t<\/div>\n\t\t<div class=\"elementor-element elementor-element-1a6c094 e-flex e-con-boxed e-con e-parent\" data-id=\"1a6c094\" data-element_type=\"container\" data-settings=\"{&quot;background_background&quot;:&quot;classic&quot;,&quot;content_width&quot;:&quot;boxed&quot;}\" data-core-v316-plus=\"true\">\n\t\t\t\t\t<div class=\"e-con-inner\">\n\t\t<div class=\"elementor-element elementor-element-093bb9a e-con-full e-flex e-con e-child\" data-id=\"093bb9a\" data-element_type=\"container\" data-settings=\"{&quot;content_width&quot;:&quot;full&quot;}\">\n\t\t\t\t<div class=\"elementor-element elementor-element-c625604 elementor-widget elementor-widget-image\" data-id=\"c625604\" data-element_type=\"widget\" data-widget_type=\"image.default\">\n\t\t\t\t<div class=\"elementor-widget-container\">\n\t\t\t\t\t\t\t\t\t\t\t\t\t<img decoding=\"async\" width=\"682\" height=\"1024\" src=\"https:\/\/rlcongo.co.za\/wp-content\/uploads\/2024\/03\/4a079f31-8939-49e1-bd88-757d0ec90303-682x1024.jpg\" class=\"attachment-large size-large wp-image-954\" alt=\"\" srcset=\"https:\/\/rlcongo.co.za\/wp-content\/uploads\/2024\/03\/4a079f31-8939-49e1-bd88-757d0ec90303-682x1024.jpg 682w, https:\/\/rlcongo.co.za\/wp-content\/uploads\/2024\/03\/4a079f31-8939-49e1-bd88-757d0ec90303-200x300.jpg 200w, https:\/\/rlcongo.co.za\/wp-content\/uploads\/2024\/03\/4a079f31-8939-49e1-bd88-757d0ec90303-768x1152.jpg 768w, https:\/\/rlcongo.co.za\/wp-content\/uploads\/2024\/03\/4a079f31-8939-49e1-bd88-757d0ec90303-600x900.jpg 600w, https:\/\/rlcongo.co.za\/wp-content\/uploads\/2024\/03\/4a079f31-8939-49e1-bd88-757d0ec90303.jpg 853w\" sizes=\"(max-width: 682px) 100vw, 682px\" \/>\t\t\t\t\t\t\t\t\t\t\t\t\t<\/div>\n\t\t\t\t<\/div>\n\t\t\t\t<\/div>\n\t\t<div class=\"elementor-element elementor-element-3ccf8e5 e-con-full e-flex e-con e-child\" data-id=\"3ccf8e5\" data-element_type=\"container\" data-settings=\"{&quot;content_width&quot;:&quot;full&quot;}\">\n\t\t\t\t<div class=\"elementor-element elementor-element-2fb5aba elementor-widget elementor-widget-heading\" data-id=\"2fb5aba\" data-element_type=\"widget\" data-widget_type=\"heading.default\">\n\t\t\t\t<div class=\"elementor-widget-container\">\n\t\t\t<h2 class=\"elementor-heading-title elementor-size-default\">L' adh\u00e9sion<\/h2>\t\t<\/div>\n\t\t\t\t<\/div>\n\t\t\t\t<div class=\"elementor-element elementor-element-abbfd14 elementor-widget elementor-widget-text-editor\" data-id=\"abbfd14\" data-element_type=\"widget\" data-widget_type=\"text-editor.default\">\n\t\t\t\t<div class=\"elementor-widget-container\">\n\t\t\t\t\t\t\t<p>Bonjour a tous les membres,<br \/>Il sied de vous signaler que le pr\u00e9sident James kayembe demande a tous les actionnaires f\u00e9d\u00e9raux et interf\u00e9deraux de prendre au s\u00e9rieux l&#8217;adh\u00e9sion ainsi le pr\u00e9sident souhaiterait a ce que tous les sectionneurs f\u00e9d\u00e9raux et interf\u00e9deraux puissent aider certains membres qui n&#8217;ont pas des t\u00e9l\u00e9phones Android d&#8217;adh\u00e9rer \u00e0 notre parti R.L.C en sigle . A ce faisant, notez que notre leader James kayembe d\u00e9clare aussi qu&#8217;il commencera ces activit\u00e9s et actions dans la province au si longtemps qu&#8217; il aura plus de cinq cent(500) adh\u00e9sions dans chaque province alors il cr\u00e9era des petites et moyennes entreprises pour les jeunes et les femmes certes, il y aura assez d&#8217;emplois pour les jeunes ainsi que la formation et l&#8217;autoformation seront mises sur pieds pouvant permettre a la jeunesse d&#8217;etre capable a s&#8217;adapter \u00e0 n&#8217;importe quel travail se pr\u00e9sentera . Par cons\u00e9quent , veuillez \u00e0 ce qu&#8217;il ait plus de 500 adhesioms dans votre province pour que ceci soit en oeuvre . Bonne compr\u00e9hension , je dis et je vous remercie &#8230;!<\/p>\t\t\t\t\t\t<\/div>\n\t\t\t\t<\/div>\n\t\t\t\t<\/div>\n\t\t\t\t\t<\/div>\n\t\t\t\t<\/div>\n\t\t<div class=\"elementor-element elementor-element-94a506e e-flex e-con-boxed e-con e-parent\" data-id=\"94a506e\" data-element_type=\"container\" data-settings=\"{&quot;background_background&quot;:&quot;classic&quot;,&quot;content_width&quot;:&quot;boxed&quot;}\" data-core-v316-plus=\"true\">\n\t\t\t\t\t<div class=\"e-con-inner\">\n\t\t<div class=\"elementor-element elementor-element-e603813 e-con-full e-flex e-con e-child\" data-id=\"e603813\" data-element_type=\"container\" data-settings=\"{&quot;content_width&quot;:&quot;full&quot;}\">\n\t\t\t\t<div class=\"elementor-element elementor-element-d44b881 elementor-widget elementor-widget-image\" data-id=\"d44b881\" data-element_type=\"widget\" data-widget_type=\"image.default\">\n\t\t\t\t<div class=\"elementor-widget-container\">\n\t\t\t\t\t\t\t\t\t\t\t\t\t<img decoding=\"async\" width=\"1024\" height=\"611\" src=\"https:\/\/rlcongo.co.za\/wp-content\/uploads\/2024\/02\/WhatsApp-Image-2024-02-12-at-8.13.42-PM-1-1024x611.jpeg\" class=\"attachment-large size-large wp-image-233\" alt=\"\" srcset=\"https:\/\/rlcongo.co.za\/wp-content\/uploads\/2024\/02\/WhatsApp-Image-2024-02-12-at-8.13.42-PM-1-1024x611.jpeg 1024w, https:\/\/rlcongo.co.za\/wp-content\/uploads\/2024\/02\/WhatsApp-Image-2024-02-12-at-8.13.42-PM-1-600x358.jpeg 600w, https:\/\/rlcongo.co.za\/wp-content\/uploads\/2024\/02\/WhatsApp-Image-2024-02-12-at-8.13.42-PM-1-300x179.jpeg 300w, https:\/\/rlcongo.co.za\/wp-content\/uploads\/2024\/02\/WhatsApp-Image-2024-02-12-at-8.13.42-PM-1-768x458.jpeg 768w, https:\/\/rlcongo.co.za\/wp-content\/uploads\/2024\/02\/WhatsApp-Image-2024-02-12-at-8.13.42-PM-1.jpeg 1272w\" sizes=\"(max-width: 1024px) 100vw, 1024px\" \/>\t\t\t\t\t\t\t\t\t\t\t\t\t<\/div>\n\t\t\t\t<\/div>\n\t\t\t\t<\/div>\n\t\t<div class=\"elementor-element elementor-element-a40325a e-con-full e-flex e-con e-child\" data-id=\"a40325a\" data-element_type=\"container\" data-settings=\"{&quot;content_width&quot;:&quot;full&quot;}\">\n\t\t\t\t<div class=\"elementor-element elementor-element-647e089 elementor-widget elementor-widget-heading\" data-id=\"647e089\" data-element_type=\"widget\" data-widget_type=\"heading.default\">\n\t\t\t\t<div class=\"elementor-widget-container\">\n\t\t\t<h2 class=\"elementor-heading-title elementor-size-default\">Membres d'honneurs<\/h2>\t\t<\/div>\n\t\t\t\t<\/div>\n\t\t\t\t<div class=\"elementor-element elementor-element-55a0ae7 elementor-widget elementor-widget-text-editor\" data-id=\"55a0ae7\" data-element_type=\"widget\" data-widget_type=\"text-editor.default\">\n\t\t\t\t<div class=\"elementor-widget-container\">\n\t\t\t\t\t\t\t<p>Bonjour chers membres du R.L.C en sigle,<br \/>j&#8217;esp\u00e8re que vous allez bien ! En fait, nous avons une petite annonce \u00e0 vous faire alors vous allez remarquer que \u00e7a fait une belle lurette qu&#8217;on \u00e9tait calme ainsi nous attendions \u00e0 ce que le gouvernement en place soit en activit\u00e9 pour pouvoir accomplir tout ce que notre leader pr\u00e9sident James kayembe aurait du alors ce message concerne a tous les membres national de la R.L.C voulant devenir membres d&#8217;honneurs. En effet, il sied de vous dire qu&#8217;il y a une condition sine qua non pour \u00eatre membre d&#8217;honneur de la R.C.L :<\/p><p>Il faudrait une souscription pour obtenir la carte d&#8217;adh\u00e9sion est celle-ci revient a 100$ entre autre , il y a des avantages qui sont ci apr\u00e8s :<\/p><p>&#8211; La R.L C vise a cr\u00e9er quelques postes au sein de la province \u00e9tant donn\u00e9 que cette derni\u00e8re est en pourparlers avec le gouvernement alors la priorit\u00e9 sera donn\u00e9e d&#8217;abord aux membres d&#8217;honneurs .<br \/>&#8211; Elle a pour but d&#8217;aider \u00e0 tous les jeunes de travailleur en province d&#8217;ailleurs il a des postes qui se cr\u00e9ent d\u00e9j\u00e0 .<br \/>&#8211; Si tu exerce une activit\u00e9 commerciale que tu es un op\u00e9rateur \u00e9conomique en cas de probl\u00e8me soit ta marchandise est saisie la R.L.C en dispose des avocats pour vous assister afin de palier \u00e0 tout probl\u00e8me rencontrer .<br \/>&#8211; La R.L.C a comme vision d&#8217;aider les jeunes alors nous voulons tabler sur chiffre consistant pour commencer notre activit\u00e9 et action . Je vous prie de vous adh\u00e9rer pour nous permettre a mettre tout en oeuvre \u00e9tant donn\u00e9 que le temps nous ai compt\u00e9 au bout du doigt . Vous souhaitant une bonne compr\u00e9hension ; Et je vous remercie &#8230;!<\/p>\t\t\t\t\t\t<\/div>\n\t\t\t\t<\/div>\n\t\t\t\t<\/div>\n\t\t\t\t\t<\/div>\n\t\t\t\t<\/div>\n\t\t\t\t<\/div>\n\t\t","protected":false},"excerpt":{"rendered":"<p>Un voyage \u00e0 Lubumbashi Le Pr\u00e9sident James Kayembe sera a Haut Katanga le 15 avril 2024 pour 2 semaines et [&hellip;]<\/p>\n","protected":false},"author":1,"featured_media":0,"parent":0,"menu_order":0,"comment_status":"closed","ping_status":"closed","template":"","meta":{"om_disable_all_campaigns":false,"_monsterinsights_skip_tracking":false,"_monsterinsights_sitenote_active":false,"_monsterinsights_sitenote_note":"","_monsterinsights_sitenote_category":0,"site-sidebar-layout":"no-sidebar","site-content-layout":"","ast-site-content-layout":"full-width-container","site-content-style":"default","site-sidebar-style":"default","ast-global-header-display":"","ast-banner-title-visibility":"","ast-main-header-display":"","ast-hfb-above-header-display":"","ast-hfb-below-header-display":"","ast-hfb-mobile-header-display":"","site-post-title":"disabled","ast-breadcrumbs-content":"","ast-featured-img":"disabled","footer-sml-layout":"","theme-transparent-header-meta":"","adv-header-id-meta":"","stick-header-meta":"","header-above-stick-meta":"","header-main-stick-meta":"","header-below-stick-meta":"","astra-migrate-meta-layouts":"default","ast-page-background-enabled":"default","ast-page-background-meta":{"desktop":{"background-color":"var(--ast-global-color-4)","background-image":"","background-repeat":"repeat","background-position":"center center","background-size":"auto","background-attachment":"scroll","background-type":"","background-media":"","overlay-type":"","overlay-color":"","overlay-gradient":""},"tablet":{"background-color":"","background-image":"","background-repeat":"repeat","background-position":"center center","background-size":"auto","background-attachment":"scroll","background-type":"","background-media":"","overlay-type":"","overlay-color":"","overlay-gradient":""},"mobile":{"background-color":"","background-image":"","background-repeat":"repeat","background-position":"center center","background-size":"auto","background-attachment":"scroll","background-type":"","background-media":"","overlay-type":"","overlay-color":"","overlay-gradient":""}},"ast-content-background-meta":{"desktop":{"background-color":"var(--ast-global-color-5)","background-image":"","background-repeat":"repeat","background-position":"center center","background-size":"auto","background-attachment":"scroll","background-type":"","background-media":"","overlay-type":"","overlay-color":"","overlay-gradient":""},"tablet":{"background-color":"var(--ast-global-color-5)","background-image":"","background-repeat":"repeat","background-position":"center center","background-size":"auto","background-attachment":"scroll","background-type":"","background-media":"","overlay-type":"","overlay-color":"","overlay-gradient":""},"mobile":{"background-color":"var(--ast-global-color-5)","background-image":"","background-repeat":"repeat","background-position":"center center","background-size":"auto","background-attachment":"scroll","background-type":"","background-media":"","overlay-type":"","overlay-color":"","overlay-gradient":""}},"footnotes":""},"aioseo_notices":[],"_links":{"self":[{"href":"https:\/\/rlcongo.co.za\/index.php?rest_route=\/wp\/v2\/pages\/924"}],"collection":[{"href":"https:\/\/rlcongo.co.za\/index.php?rest_route=\/wp\/v2\/pages"}],"about":[{"href":"https:\/\/rlcongo.co.za\/index.php?rest_route=\/wp\/v2\/types\/page"}],"author":[{"embeddable":true,"href":"https:\/\/rlcongo.co.za\/index.php?rest_route=\/wp\/v2\/users\/1"}],"replies":[{"embeddable":true,"href":"https:\/\/rlcongo.co.za\/index.php?rest_route=%2Fwp%2Fv2%2Fcomments&post=924"}],"version-history":[{"count":31,"href":"https:\/\/rlcongo.co.za\/index.php?rest_route=\/wp\/v2\/pages\/924\/revisions"}],"predecessor-version":[{"id":965,"href":"https:\/\/rlcongo.co.za\/index.php?rest_route=\/wp\/v2\/pages\/924\/revisions\/965"}],"wp:attachment":[{"href":"https:\/\/rlcongo.co.za\/index.php?rest_route=%2Fwp%2Fv2%2Fmedia&parent=924"}],"curies":[{"name":"wp","href":"https:\/\/api.w.org\/{rel}","templated":true}]}}