{"id":917,"date":"2024-03-27T14:00:41","date_gmt":"2024-03-27T14:00:41","guid":{"rendered":"https:\/\/rlcongo.co.za\/?page_id=917"},"modified":"2024-03-28T13:28:32","modified_gmt":"2024-03-28T13:28:32","slug":"membre-dhonneur","status":"publish","type":"page","link":"https:\/\/rlcongo.co.za\/?page_id=917","title":{"rendered":"Membre d&#8217;honneur"},"content":{"rendered":"\t\t<div data-elementor-type=\"wp-page\" data-elementor-id=\"917\" class=\"elementor elementor-917\">\n\t\t\t\t<div class=\"elementor-element elementor-element-e7923a2 e-flex e-con-boxed e-con e-parent\" data-id=\"e7923a2\" data-element_type=\"container\" data-settings=\"{&quot;background_background&quot;:&quot;classic&quot;,&quot;content_width&quot;:&quot;boxed&quot;}\" data-core-v316-plus=\"true\">\n\t\t\t\t\t<div class=\"e-con-inner\">\n\t\t<div class=\"elementor-element elementor-element-ea62410 e-con-full e-flex e-con e-child\" data-id=\"ea62410\" data-element_type=\"container\" data-settings=\"{&quot;content_width&quot;:&quot;full&quot;}\">\n\t\t\t\t<div class=\"elementor-element elementor-element-86cf3f8 elementor-widget elementor-widget-image\" data-id=\"86cf3f8\" data-element_type=\"widget\" data-widget_type=\"image.default\">\n\t\t\t\t<div class=\"elementor-widget-container\">\n\t\t\t<style>\/*! elementor - v3.19.0 - 07-02-2024 *\/\n.elementor-widget-image{text-align:center}.elementor-widget-image a{display:inline-block}.elementor-widget-image a img[src$=\".svg\"]{width:48px}.elementor-widget-image img{vertical-align:middle;display:inline-block}<\/style>\t\t\t\t\t\t\t\t\t\t<img fetchpriority=\"high\" decoding=\"async\" width=\"1024\" height=\"614\" src=\"https:\/\/rlcongo.co.za\/wp-content\/uploads\/2024\/02\/fa97d8a2-1752-4b4a-b6b1-b1fa0238deb8-1024x614.jpg\" class=\"attachment-large size-large wp-image-241\" alt=\"\" srcset=\"https:\/\/rlcongo.co.za\/wp-content\/uploads\/2024\/02\/fa97d8a2-1752-4b4a-b6b1-b1fa0238deb8-1024x614.jpg 1024w, https:\/\/rlcongo.co.za\/wp-content\/uploads\/2024\/02\/fa97d8a2-1752-4b4a-b6b1-b1fa0238deb8-600x360.jpg 600w, https:\/\/rlcongo.co.za\/wp-content\/uploads\/2024\/02\/fa97d8a2-1752-4b4a-b6b1-b1fa0238deb8-300x180.jpg 300w, https:\/\/rlcongo.co.za\/wp-content\/uploads\/2024\/02\/fa97d8a2-1752-4b4a-b6b1-b1fa0238deb8-768x460.jpg 768w, https:\/\/rlcongo.co.za\/wp-content\/uploads\/2024\/02\/fa97d8a2-1752-4b4a-b6b1-b1fa0238deb8.jpg 1280w\" sizes=\"(max-width: 1024px) 100vw, 1024px\" \/>\t\t\t\t\t\t\t\t\t\t\t\t\t<\/div>\n\t\t\t\t<\/div>\n\t\t\t\t<\/div>\n\t\t<div class=\"elementor-element elementor-element-a3ae755 e-con-full e-flex e-con e-child\" data-id=\"a3ae755\" data-element_type=\"container\" data-settings=\"{&quot;content_width&quot;:&quot;full&quot;}\">\n\t\t\t\t<div class=\"elementor-element elementor-element-68e0c42 elementor-widget elementor-widget-heading\" data-id=\"68e0c42\" data-element_type=\"widget\" data-widget_type=\"heading.default\">\n\t\t\t\t<div class=\"elementor-widget-container\">\n\t\t\t<style>\/*! elementor - v3.19.0 - 07-02-2024 *\/\n.elementor-heading-title{padding:0;margin:0;line-height:1}.elementor-widget-heading .elementor-heading-title[class*=elementor-size-]>a{color:inherit;font-size:inherit;line-height:inherit}.elementor-widget-heading .elementor-heading-title.elementor-size-small{font-size:15px}.elementor-widget-heading .elementor-heading-title.elementor-size-medium{font-size:19px}.elementor-widget-heading .elementor-heading-title.elementor-size-large{font-size:29px}.elementor-widget-heading .elementor-heading-title.elementor-size-xl{font-size:39px}.elementor-widget-heading .elementor-heading-title.elementor-size-xxl{font-size:59px}<\/style><h2 class=\"elementor-heading-title elementor-size-default\">Membre d'honneur <\/h2>\t\t<\/div>\n\t\t\t\t<\/div>\n\t\t\t\t<div class=\"elementor-element elementor-element-65c1abd elementor-widget elementor-widget-text-editor\" data-id=\"65c1abd\" data-element_type=\"widget\" data-widget_type=\"text-editor.default\">\n\t\t\t\t<div class=\"elementor-widget-container\">\n\t\t\t<style>\/*! elementor - v3.19.0 - 07-02-2024 *\/\n.elementor-widget-text-editor.elementor-drop-cap-view-stacked .elementor-drop-cap{background-color:#69727d;color:#fff}.elementor-widget-text-editor.elementor-drop-cap-view-framed .elementor-drop-cap{color:#69727d;border:3px solid;background-color:transparent}.elementor-widget-text-editor:not(.elementor-drop-cap-view-default) .elementor-drop-cap{margin-top:8px}.elementor-widget-text-editor:not(.elementor-drop-cap-view-default) .elementor-drop-cap-letter{width:1em;height:1em}.elementor-widget-text-editor .elementor-drop-cap{float:left;text-align:center;line-height:1;font-size:50px}.elementor-widget-text-editor .elementor-drop-cap-letter{display:inline-block}<\/style>\t\t\t\t<p>Pour \u00eatre membre d&#8217;honneur de la R.C.L :<\/p>\n<p>Il faudrait une souscription pour obtenir la carte d&#8217;adh\u00e9sion est celle-ci revient a 100$ entre autre , il y a des avantages qui sont ci apr\u00e8s :<\/p>\n<p>&#8211; La R.L C  vise a cr\u00e9er quelques postes au sein de la province \u00e9tant donn\u00e9 que cette derni\u00e8re est en pourparlers avec le gouvernement alors la priorit\u00e9 sera donn\u00e9e d&#8217;abord aux membres d&#8217;honneurs .<br>\n&#8211; Elle a pour but d&#8217;aider \u00e0 tous les jeunes de travailleur en province d&#8217;ailleurs il a des postes qui se cr\u00e9ent d\u00e9j\u00e0 .<br>\n&#8211; Si tu exerce une activit\u00e9 commerciale que tu es un op\u00e9rateur \u00e9conomique en cas de probl\u00e8me soit ta marchandise est saisie la R.L.C en dispose des avocats pour vous assister afin de palier \u00e0 tout probl\u00e8me rencontrer .<\/p>\t\t\t\t\t\t<\/div>\n\t\t\t\t<\/div>\n\t\t\t\t<\/div>\n\t\t\t\t\t<\/div>\n\t\t\t\t<\/div>\n\t\t<div class=\"elementor-element elementor-element-93ea4fb e-flex e-con-boxed e-con e-parent\" data-id=\"93ea4fb\" data-element_type=\"container\" data-settings=\"{&quot;background_background&quot;:&quot;classic&quot;,&quot;content_width&quot;:&quot;boxed&quot;}\" data-core-v316-plus=\"true\">\n\t\t\t\t\t<div class=\"e-con-inner\">\n\t\t<div class=\"elementor-element elementor-element-b533870 e-con-full e-flex e-con e-child\" data-id=\"b533870\" data-element_type=\"container\" data-settings=\"{&quot;content_width&quot;:&quot;full&quot;}\">\n\t\t\t\t<div class=\"elementor-element elementor-element-35bfb40 elementor-widget elementor-widget-image\" data-id=\"35bfb40\" data-element_type=\"widget\" data-widget_type=\"image.default\">\n\t\t\t\t<div class=\"elementor-widget-container\">\n\t\t\t\t\t\t\t\t\t\t\t\t\t<img decoding=\"async\" width=\"1024\" height=\"683\" src=\"https:\/\/rlcongo.co.za\/wp-content\/uploads\/2024\/03\/pexels-ambu-ochieno-3774795-1024x683.jpg\" class=\"attachment-large size-large wp-image-973\" alt=\"\" srcset=\"https:\/\/rlcongo.co.za\/wp-content\/uploads\/2024\/03\/pexels-ambu-ochieno-3774795-1024x683.jpg 1024w, https:\/\/rlcongo.co.za\/wp-content\/uploads\/2024\/03\/pexels-ambu-ochieno-3774795-300x200.jpg 300w, https:\/\/rlcongo.co.za\/wp-content\/uploads\/2024\/03\/pexels-ambu-ochieno-3774795-768x512.jpg 768w, https:\/\/rlcongo.co.za\/wp-content\/uploads\/2024\/03\/pexels-ambu-ochieno-3774795-1536x1025.jpg 1536w, https:\/\/rlcongo.co.za\/wp-content\/uploads\/2024\/03\/pexels-ambu-ochieno-3774795-2048x1367.jpg 2048w, https:\/\/rlcongo.co.za\/wp-content\/uploads\/2024\/03\/pexels-ambu-ochieno-3774795-600x400.jpg 600w\" sizes=\"(max-width: 1024px) 100vw, 1024px\" \/>\t\t\t\t\t\t\t\t\t\t\t\t\t<\/div>\n\t\t\t\t<\/div>\n\t\t\t\t<\/div>\n\t\t<div class=\"elementor-element elementor-element-2ef7ee1 e-con-full e-flex e-con e-child\" data-id=\"2ef7ee1\" data-element_type=\"container\" data-settings=\"{&quot;content_width&quot;:&quot;full&quot;}\">\n\t\t\t\t<div class=\"elementor-element elementor-element-961db55 elementor-widget elementor-widget-heading\" data-id=\"961db55\" data-element_type=\"widget\" data-widget_type=\"heading.default\">\n\t\t\t\t<div class=\"elementor-widget-container\">\n\t\t\t<h2 class=\"elementor-heading-title elementor-size-default\">Emmanuel Kashama<\/h2>\t\t<\/div>\n\t\t\t\t<\/div>\n\t\t\t\t<\/div>\n\t\t\t\t\t<\/div>\n\t\t\t\t<\/div>\n\t\t<div class=\"elementor-element elementor-element-e71a202 e-flex e-con-boxed e-con e-parent\" data-id=\"e71a202\" data-element_type=\"container\" data-settings=\"{&quot;background_background&quot;:&quot;classic&quot;,&quot;content_width&quot;:&quot;boxed&quot;}\" data-core-v316-plus=\"true\">\n\t\t\t\t\t<div class=\"e-con-inner\">\n\t\t<div class=\"elementor-element elementor-element-c0e7af6 e-con-full e-flex e-con e-child\" data-id=\"c0e7af6\" data-element_type=\"container\" data-settings=\"{&quot;content_width&quot;:&quot;full&quot;}\">\n\t\t\t\t<div class=\"elementor-element elementor-element-14a6650 elementor-widget elementor-widget-image\" data-id=\"14a6650\" data-element_type=\"widget\" data-widget_type=\"image.default\">\n\t\t\t\t<div class=\"elementor-widget-container\">\n\t\t\t\t\t\t\t\t\t\t\t\t\t<img decoding=\"async\" width=\"683\" height=\"1024\" src=\"https:\/\/rlcongo.co.za\/wp-content\/uploads\/2024\/03\/pexels-daniel-friday-danzor-4600301-683x1024.jpg\" class=\"attachment-large size-large wp-image-974\" alt=\"\" srcset=\"https:\/\/rlcongo.co.za\/wp-content\/uploads\/2024\/03\/pexels-daniel-friday-danzor-4600301-683x1024.jpg 683w, https:\/\/rlcongo.co.za\/wp-content\/uploads\/2024\/03\/pexels-daniel-friday-danzor-4600301-200x300.jpg 200w, https:\/\/rlcongo.co.za\/wp-content\/uploads\/2024\/03\/pexels-daniel-friday-danzor-4600301-768x1152.jpg 768w, https:\/\/rlcongo.co.za\/wp-content\/uploads\/2024\/03\/pexels-daniel-friday-danzor-4600301-1024x1536.jpg 1024w, https:\/\/rlcongo.co.za\/wp-content\/uploads\/2024\/03\/pexels-daniel-friday-danzor-4600301-1365x2048.jpg 1365w, https:\/\/rlcongo.co.za\/wp-content\/uploads\/2024\/03\/pexels-daniel-friday-danzor-4600301-600x900.jpg 600w, https:\/\/rlcongo.co.za\/wp-content\/uploads\/2024\/03\/pexels-daniel-friday-danzor-4600301-scaled.jpg 1707w\" sizes=\"(max-width: 683px) 100vw, 683px\" \/>\t\t\t\t\t\t\t\t\t\t\t\t\t<\/div>\n\t\t\t\t<\/div>\n\t\t\t\t<\/div>\n\t\t<div class=\"elementor-element elementor-element-21fb280 e-con-full e-flex e-con e-child\" data-id=\"21fb280\" data-element_type=\"container\" data-settings=\"{&quot;content_width&quot;:&quot;full&quot;}\">\n\t\t\t\t<div class=\"elementor-element elementor-element-4c1cfbe elementor-widget elementor-widget-heading\" data-id=\"4c1cfbe\" data-element_type=\"widget\" data-widget_type=\"heading.default\">\n\t\t\t\t<div class=\"elementor-widget-container\">\n\t\t\t<h2 class=\"elementor-heading-title elementor-size-default\">Patrick Mwedi<\/h2>\t\t<\/div>\n\t\t\t\t<\/div>\n\t\t\t\t<\/div>\n\t\t\t\t\t<\/div>\n\t\t\t\t<\/div>\n\t\t<div class=\"elementor-element elementor-element-eaaac7f e-flex e-con-boxed e-con e-parent\" data-id=\"eaaac7f\" data-element_type=\"container\" data-settings=\"{&quot;background_background&quot;:&quot;classic&quot;,&quot;content_width&quot;:&quot;boxed&quot;}\" data-core-v316-plus=\"true\">\n\t\t\t\t\t<div class=\"e-con-inner\">\n\t\t<div class=\"elementor-element elementor-element-52b06d9 e-con-full e-flex e-con e-child\" data-id=\"52b06d9\" data-element_type=\"container\" data-settings=\"{&quot;content_width&quot;:&quot;full&quot;}\">\n\t\t\t\t<div class=\"elementor-element elementor-element-142a4f5 elementor-widget elementor-widget-image\" data-id=\"142a4f5\" data-element_type=\"widget\" data-widget_type=\"image.default\">\n\t\t\t\t<div class=\"elementor-widget-container\">\n\t\t\t\t\t\t\t\t\t\t\t\t\t<img loading=\"lazy\" decoding=\"async\" width=\"1024\" height=\"683\" src=\"https:\/\/rlcongo.co.za\/wp-content\/uploads\/2024\/03\/pexels-nicola-barts-7925779-1024x683.jpg\" class=\"attachment-large size-large wp-image-975\" alt=\"\" srcset=\"https:\/\/rlcongo.co.za\/wp-content\/uploads\/2024\/03\/pexels-nicola-barts-7925779-1024x683.jpg 1024w, https:\/\/rlcongo.co.za\/wp-content\/uploads\/2024\/03\/pexels-nicola-barts-7925779-300x200.jpg 300w, https:\/\/rlcongo.co.za\/wp-content\/uploads\/2024\/03\/pexels-nicola-barts-7925779-768x512.jpg 768w, https:\/\/rlcongo.co.za\/wp-content\/uploads\/2024\/03\/pexels-nicola-barts-7925779-1536x1024.jpg 1536w, https:\/\/rlcongo.co.za\/wp-content\/uploads\/2024\/03\/pexels-nicola-barts-7925779-2048x1365.jpg 2048w, https:\/\/rlcongo.co.za\/wp-content\/uploads\/2024\/03\/pexels-nicola-barts-7925779-600x400.jpg 600w\" sizes=\"(max-width: 1024px) 100vw, 1024px\" \/>\t\t\t\t\t\t\t\t\t\t\t\t\t<\/div>\n\t\t\t\t<\/div>\n\t\t\t\t<\/div>\n\t\t<div class=\"elementor-element elementor-element-ecab00a e-con-full e-flex e-con e-child\" data-id=\"ecab00a\" data-element_type=\"container\" data-settings=\"{&quot;content_width&quot;:&quot;full&quot;}\">\n\t\t\t\t<div class=\"elementor-element elementor-element-7cee0eb elementor-widget elementor-widget-heading\" data-id=\"7cee0eb\" data-element_type=\"widget\" data-widget_type=\"heading.default\">\n\t\t\t\t<div class=\"elementor-widget-container\">\n\t\t\t<h2 class=\"elementor-heading-title elementor-size-default\">Donat Banza<\/h2>\t\t<\/div>\n\t\t\t\t<\/div>\n\t\t\t\t<\/div>\n\t\t\t\t\t<\/div>\n\t\t\t\t<\/div>\n\t\t<div class=\"elementor-element elementor-element-5945efc e-flex e-con-boxed e-con e-parent\" data-id=\"5945efc\" data-element_type=\"container\" data-settings=\"{&quot;background_background&quot;:&quot;classic&quot;,&quot;content_width&quot;:&quot;boxed&quot;}\" data-core-v316-plus=\"true\">\n\t\t\t\t\t<div class=\"e-con-inner\">\n\t\t<div class=\"elementor-element elementor-element-defc82d e-con-full e-flex e-con e-child\" data-id=\"defc82d\" data-element_type=\"container\" data-settings=\"{&quot;content_width&quot;:&quot;full&quot;}\">\n\t\t\t\t<div class=\"elementor-element elementor-element-2ccc5e1 elementor-widget elementor-widget-image\" data-id=\"2ccc5e1\" data-element_type=\"widget\" data-widget_type=\"image.default\">\n\t\t\t\t<div class=\"elementor-widget-container\">\n\t\t\t\t\t\t\t\t\t\t\t\t\t<img loading=\"lazy\" decoding=\"async\" width=\"1024\" height=\"683\" src=\"https:\/\/rlcongo.co.za\/wp-content\/uploads\/2024\/03\/pexels-sora-shimazaki-5669603-1024x683.jpg\" class=\"attachment-large size-large wp-image-977\" alt=\"\" srcset=\"https:\/\/rlcongo.co.za\/wp-content\/uploads\/2024\/03\/pexels-sora-shimazaki-5669603-1024x683.jpg 1024w, https:\/\/rlcongo.co.za\/wp-content\/uploads\/2024\/03\/pexels-sora-shimazaki-5669603-300x200.jpg 300w, https:\/\/rlcongo.co.za\/wp-content\/uploads\/2024\/03\/pexels-sora-shimazaki-5669603-768x512.jpg 768w, https:\/\/rlcongo.co.za\/wp-content\/uploads\/2024\/03\/pexels-sora-shimazaki-5669603-1536x1024.jpg 1536w, https:\/\/rlcongo.co.za\/wp-content\/uploads\/2024\/03\/pexels-sora-shimazaki-5669603-2048x1365.jpg 2048w, https:\/\/rlcongo.co.za\/wp-content\/uploads\/2024\/03\/pexels-sora-shimazaki-5669603-600x400.jpg 600w\" sizes=\"(max-width: 1024px) 100vw, 1024px\" \/>\t\t\t\t\t\t\t\t\t\t\t\t\t<\/div>\n\t\t\t\t<\/div>\n\t\t\t\t<\/div>\n\t\t<div class=\"elementor-element elementor-element-ea32a8d e-con-full e-flex e-con e-child\" data-id=\"ea32a8d\" data-element_type=\"container\" data-settings=\"{&quot;content_width&quot;:&quot;full&quot;}\">\n\t\t\t\t<div class=\"elementor-element elementor-element-88f3a14 elementor-widget elementor-widget-heading\" data-id=\"88f3a14\" data-element_type=\"widget\" data-widget_type=\"heading.default\">\n\t\t\t\t<div class=\"elementor-widget-container\">\n\t\t\t<h2 class=\"elementor-heading-title elementor-size-default\">Chantale Bemba<\/h2>\t\t<\/div>\n\t\t\t\t<\/div>\n\t\t\t\t<\/div>\n\t\t\t\t\t<\/div>\n\t\t\t\t<\/div>\n\t\t<div class=\"elementor-element elementor-element-39fb001 e-flex e-con-boxed e-con e-parent\" data-id=\"39fb001\" data-element_type=\"container\" data-settings=\"{&quot;background_background&quot;:&quot;classic&quot;,&quot;content_width&quot;:&quot;boxed&quot;}\" data-core-v316-plus=\"true\">\n\t\t\t\t\t<div class=\"e-con-inner\">\n\t\t<div class=\"elementor-element elementor-element-0acc5db e-con-full e-flex e-con e-child\" data-id=\"0acc5db\" data-element_type=\"container\" data-settings=\"{&quot;content_width&quot;:&quot;full&quot;}\">\n\t\t\t\t<div class=\"elementor-element elementor-element-a86bf57 elementor-widget elementor-widget-image\" data-id=\"a86bf57\" data-element_type=\"widget\" data-widget_type=\"image.default\">\n\t\t\t\t<div class=\"elementor-widget-container\">\n\t\t\t\t\t\t\t\t\t\t\t\t\t<img loading=\"lazy\" decoding=\"async\" width=\"1024\" height=\"683\" src=\"https:\/\/rlcongo.co.za\/wp-content\/uploads\/2024\/03\/pexels-ono-kosuki-5648096-1024x683.jpg\" class=\"attachment-large size-large wp-image-976\" alt=\"\" srcset=\"https:\/\/rlcongo.co.za\/wp-content\/uploads\/2024\/03\/pexels-ono-kosuki-5648096-1024x683.jpg 1024w, https:\/\/rlcongo.co.za\/wp-content\/uploads\/2024\/03\/pexels-ono-kosuki-5648096-300x200.jpg 300w, https:\/\/rlcongo.co.za\/wp-content\/uploads\/2024\/03\/pexels-ono-kosuki-5648096-768x512.jpg 768w, https:\/\/rlcongo.co.za\/wp-content\/uploads\/2024\/03\/pexels-ono-kosuki-5648096-1536x1024.jpg 1536w, https:\/\/rlcongo.co.za\/wp-content\/uploads\/2024\/03\/pexels-ono-kosuki-5648096-2048x1365.jpg 2048w, https:\/\/rlcongo.co.za\/wp-content\/uploads\/2024\/03\/pexels-ono-kosuki-5648096-600x400.jpg 600w\" sizes=\"(max-width: 1024px) 100vw, 1024px\" \/>\t\t\t\t\t\t\t\t\t\t\t\t\t<\/div>\n\t\t\t\t<\/div>\n\t\t\t\t<\/div>\n\t\t<div class=\"elementor-element elementor-element-b737ef0 e-con-full e-flex e-con e-child\" data-id=\"b737ef0\" data-element_type=\"container\" data-settings=\"{&quot;content_width&quot;:&quot;full&quot;}\">\n\t\t\t\t<div class=\"elementor-element elementor-element-6bada7e elementor-widget elementor-widget-heading\" data-id=\"6bada7e\" data-element_type=\"widget\" data-widget_type=\"heading.default\">\n\t\t\t\t<div class=\"elementor-widget-container\">\n\t\t\t<h2 class=\"elementor-heading-title elementor-size-default\">Roger Malengo<\/h2>\t\t<\/div>\n\t\t\t\t<\/div>\n\t\t\t\t<\/div>\n\t\t\t\t\t<\/div>\n\t\t\t\t<\/div>\n\t\t\t\t<\/div>\n\t\t","protected":false},"excerpt":{"rendered":"<p>Membre d&#8217;honneur Pour \u00eatre membre d&#8217;honneur de la R.C.L : Il faudrait une souscription pour obtenir la carte d&#8217;adh\u00e9sion est [&hellip;]<\/p>\n","protected":false},"author":1,"featured_media":0,"parent":0,"menu_order":0,"comment_status":"closed","ping_status":"closed","template":"","meta":{"om_disable_all_campaigns":false,"_monsterinsights_skip_tracking":false,"_monsterinsights_sitenote_active":false,"_monsterinsights_sitenote_note":"","_monsterinsights_sitenote_category":0,"site-sidebar-layout":"no-sidebar","site-content-layout":"","ast-site-content-layout":"full-width-container","site-content-style":"default","site-sidebar-style":"default","ast-global-header-display":"","ast-banner-title-visibility":"","ast-main-header-display":"","ast-hfb-above-header-display":"","ast-hfb-below-header-display":"","ast-hfb-mobile-header-display":"","site-post-title":"disabled","ast-breadcrumbs-content":"","ast-featured-img":"disabled","footer-sml-layout":"","theme-transparent-header-meta":"","adv-header-id-meta":"","stick-header-meta":"","header-above-stick-meta":"","header-main-stick-meta":"","header-below-stick-meta":"","astra-migrate-meta-layouts":"default","ast-page-background-enabled":"default","ast-page-background-meta":{"desktop":{"background-color":"var(--ast-global-color-4)","background-image":"","background-repeat":"repeat","background-position":"center center","background-size":"auto","background-attachment":"scroll","background-type":"","background-media":"","overlay-type":"","overlay-color":"","overlay-gradient":""},"tablet":{"background-color":"","background-image":"","background-repeat":"repeat","background-position":"center center","background-size":"auto","background-attachment":"scroll","background-type":"","background-media":"","overlay-type":"","overlay-color":"","overlay-gradient":""},"mobile":{"background-color":"","background-image":"","background-repeat":"repeat","background-position":"center center","background-size":"auto","background-attachment":"scroll","background-type":"","background-media":"","overlay-type":"","overlay-color":"","overlay-gradient":""}},"ast-content-background-meta":{"desktop":{"background-color":"var(--ast-global-color-5)","background-image":"","background-repeat":"repeat","background-position":"center center","background-size":"auto","background-attachment":"scroll","background-type":"","background-media":"","overlay-type":"","overlay-color":"","overlay-gradient":""},"tablet":{"background-color":"var(--ast-global-color-5)","background-image":"","background-repeat":"repeat","background-position":"center center","background-size":"auto","background-attachment":"scroll","background-type":"","background-media":"","overlay-type":"","overlay-color":"","overlay-gradient":""},"mobile":{"background-color":"var(--ast-global-color-5)","background-image":"","background-repeat":"repeat","background-position":"center center","background-size":"auto","background-attachment":"scroll","background-type":"","background-media":"","overlay-type":"","overlay-color":"","overlay-gradient":""}},"footnotes":""},"aioseo_notices":[],"_links":{"self":[{"href":"https:\/\/rlcongo.co.za\/index.php?rest_route=\/wp\/v2\/pages\/917"}],"collection":[{"href":"https:\/\/rlcongo.co.za\/index.php?rest_route=\/wp\/v2\/pages"}],"about":[{"href":"https:\/\/rlcongo.co.za\/index.php?rest_route=\/wp\/v2\/types\/page"}],"author":[{"embeddable":true,"href":"https:\/\/rlcongo.co.za\/index.php?rest_route=\/wp\/v2\/users\/1"}],"replies":[{"embeddable":true,"href":"https:\/\/rlcongo.co.za\/index.php?rest_route=%2Fwp%2Fv2%2Fcomments&post=917"}],"version-history":[{"count":17,"href":"https:\/\/rlcongo.co.za\/index.php?rest_route=\/wp\/v2\/pages\/917\/revisions"}],"predecessor-version":[{"id":981,"href":"https:\/\/rlcongo.co.za\/index.php?rest_route=\/wp\/v2\/pages\/917\/revisions\/981"}],"wp:attachment":[{"href":"https:\/\/rlcongo.co.za\/index.php?rest_route=%2Fwp%2Fv2%2Fmedia&parent=917"}],"curies":[{"name":"wp","href":"https:\/\/api.w.org\/{rel}","templated":true}]}}