{"id":163,"date":"2024-02-13T18:08:53","date_gmt":"2024-02-13T18:08:53","guid":{"rendered":"https:\/\/rlcongo.co.za\/?page_id=163"},"modified":"2024-02-17T09:37:51","modified_gmt":"2024-02-17T09:37:51","slug":"commerciale","status":"publish","type":"page","link":"https:\/\/rlcongo.co.za\/?page_id=163","title":{"rendered":"Commerciale"},"content":{"rendered":"\t\t<div data-elementor-type=\"wp-page\" data-elementor-id=\"163\" class=\"elementor elementor-163\">\n\t\t\t\t<div class=\"elementor-element elementor-element-r50tbta e-flex e-con-boxed e-con e-parent\" data-id=\"r50tbta\" data-element_type=\"container\" data-settings=\"{&quot;background_background&quot;:&quot;classic&quot;,&quot;content_width&quot;:&quot;boxed&quot;}\" data-core-v316-plus=\"true\">\n\t\t\t\t\t<div class=\"e-con-inner\">\n\t\t<div class=\"elementor-element elementor-element-341f31e e-con-full e-flex e-con e-child\" data-id=\"341f31e\" data-element_type=\"container\" data-settings=\"{&quot;content_width&quot;:&quot;full&quot;}\">\n\t\t\t\t<\/div>\n\t\t\t\t\t<\/div>\n\t\t\t\t<\/div>\n\t\t<div class=\"elementor-element elementor-element-s6a5htw e-flex e-con-boxed e-con e-parent\" data-id=\"s6a5htw\" data-element_type=\"container\" data-settings=\"{&quot;background_background&quot;:&quot;classic&quot;,&quot;content_width&quot;:&quot;boxed&quot;}\" data-core-v316-plus=\"true\">\n\t\t\t\t\t<div class=\"e-con-inner\">\n\t\t<div class=\"elementor-element elementor-element-53e9612 e-con-full e-flex e-con e-child\" data-id=\"53e9612\" data-element_type=\"container\" data-settings=\"{&quot;content_width&quot;:&quot;full&quot;,&quot;background_background&quot;:&quot;classic&quot;}\">\n\t\t\t\t<div class=\"elementor-element elementor-element-7179047 elementor-widget elementor-widget-heading\" data-id=\"7179047\" data-element_type=\"widget\" data-widget_type=\"heading.default\">\n\t\t\t\t<div class=\"elementor-widget-container\">\n\t\t\t<style>\/*! elementor - v3.19.0 - 07-02-2024 *\/\n.elementor-heading-title{padding:0;margin:0;line-height:1}.elementor-widget-heading .elementor-heading-title[class*=elementor-size-]>a{color:inherit;font-size:inherit;line-height:inherit}.elementor-widget-heading .elementor-heading-title.elementor-size-small{font-size:15px}.elementor-widget-heading .elementor-heading-title.elementor-size-medium{font-size:19px}.elementor-widget-heading .elementor-heading-title.elementor-size-large{font-size:29px}.elementor-widget-heading .elementor-heading-title.elementor-size-xl{font-size:39px}.elementor-widget-heading .elementor-heading-title.elementor-size-xxl{font-size:59px}<\/style><h2 class=\"elementor-heading-title elementor-size-default\">D\u00e9partement Commerciale de la R.L.C<\/h2>\t\t<\/div>\n\t\t\t\t<\/div>\n\t\t\t\t<div class=\"elementor-element elementor-element-9db05f7 elementor-widget-divider--view-line elementor-widget elementor-widget-divider\" data-id=\"9db05f7\" data-element_type=\"widget\" data-widget_type=\"divider.default\">\n\t\t\t\t<div class=\"elementor-widget-container\">\n\t\t\t<style>\/*! elementor - v3.19.0 - 07-02-2024 *\/\n.elementor-widget-divider{--divider-border-style:none;--divider-border-width:1px;--divider-color:#0c0d0e;--divider-icon-size:20px;--divider-element-spacing:10px;--divider-pattern-height:24px;--divider-pattern-size:20px;--divider-pattern-url:none;--divider-pattern-repeat:repeat-x}.elementor-widget-divider .elementor-divider{display:flex}.elementor-widget-divider .elementor-divider__text{font-size:15px;line-height:1;max-width:95%}.elementor-widget-divider .elementor-divider__element{margin:0 var(--divider-element-spacing);flex-shrink:0}.elementor-widget-divider .elementor-icon{font-size:var(--divider-icon-size)}.elementor-widget-divider .elementor-divider-separator{display:flex;margin:0;direction:ltr}.elementor-widget-divider--view-line_icon .elementor-divider-separator,.elementor-widget-divider--view-line_text .elementor-divider-separator{align-items:center}.elementor-widget-divider--view-line_icon .elementor-divider-separator:after,.elementor-widget-divider--view-line_icon .elementor-divider-separator:before,.elementor-widget-divider--view-line_text .elementor-divider-separator:after,.elementor-widget-divider--view-line_text .elementor-divider-separator:before{display:block;content:\"\";border-block-end:0;flex-grow:1;border-block-start:var(--divider-border-width) var(--divider-border-style) var(--divider-color)}.elementor-widget-divider--element-align-left .elementor-divider .elementor-divider-separator>.elementor-divider__svg:first-of-type{flex-grow:0;flex-shrink:100}.elementor-widget-divider--element-align-left .elementor-divider-separator:before{content:none}.elementor-widget-divider--element-align-left .elementor-divider__element{margin-left:0}.elementor-widget-divider--element-align-right .elementor-divider .elementor-divider-separator>.elementor-divider__svg:last-of-type{flex-grow:0;flex-shrink:100}.elementor-widget-divider--element-align-right .elementor-divider-separator:after{content:none}.elementor-widget-divider--element-align-right .elementor-divider__element{margin-right:0}.elementor-widget-divider--element-align-start .elementor-divider .elementor-divider-separator>.elementor-divider__svg:first-of-type{flex-grow:0;flex-shrink:100}.elementor-widget-divider--element-align-start .elementor-divider-separator:before{content:none}.elementor-widget-divider--element-align-start .elementor-divider__element{margin-inline-start:0}.elementor-widget-divider--element-align-end .elementor-divider .elementor-divider-separator>.elementor-divider__svg:last-of-type{flex-grow:0;flex-shrink:100}.elementor-widget-divider--element-align-end .elementor-divider-separator:after{content:none}.elementor-widget-divider--element-align-end .elementor-divider__element{margin-inline-end:0}.elementor-widget-divider:not(.elementor-widget-divider--view-line_text):not(.elementor-widget-divider--view-line_icon) .elementor-divider-separator{border-block-start:var(--divider-border-width) var(--divider-border-style) var(--divider-color)}.elementor-widget-divider--separator-type-pattern{--divider-border-style:none}.elementor-widget-divider--separator-type-pattern.elementor-widget-divider--view-line .elementor-divider-separator,.elementor-widget-divider--separator-type-pattern:not(.elementor-widget-divider--view-line) .elementor-divider-separator:after,.elementor-widget-divider--separator-type-pattern:not(.elementor-widget-divider--view-line) .elementor-divider-separator:before,.elementor-widget-divider--separator-type-pattern:not([class*=elementor-widget-divider--view]) .elementor-divider-separator{width:100%;min-height:var(--divider-pattern-height);-webkit-mask-size:var(--divider-pattern-size) 100%;mask-size:var(--divider-pattern-size) 100%;-webkit-mask-repeat:var(--divider-pattern-repeat);mask-repeat:var(--divider-pattern-repeat);background-color:var(--divider-color);-webkit-mask-image:var(--divider-pattern-url);mask-image:var(--divider-pattern-url)}.elementor-widget-divider--no-spacing{--divider-pattern-size:auto}.elementor-widget-divider--bg-round{--divider-pattern-repeat:round}.rtl .elementor-widget-divider .elementor-divider__text{direction:rtl}.e-con-inner>.elementor-widget-divider,.e-con>.elementor-widget-divider{width:var(--container-widget-width,100%);--flex-grow:var(--container-widget-flex-grow)}<\/style>\t\t<div class=\"elementor-divider\">\n\t\t\t<span class=\"elementor-divider-separator\">\n\t\t\t\t\t\t<\/span>\n\t\t<\/div>\n\t\t\t\t<\/div>\n\t\t\t\t<\/div>\n\t\t\t\t<div class=\"elementor-element elementor-element-18e4ffe elementor-widget elementor-widget-text-editor\" data-id=\"18e4ffe\" data-element_type=\"widget\" data-widget_type=\"text-editor.default\">\n\t\t\t\t<div class=\"elementor-widget-container\">\n\t\t\t<style>\/*! elementor - v3.19.0 - 07-02-2024 *\/\n.elementor-widget-text-editor.elementor-drop-cap-view-stacked .elementor-drop-cap{background-color:#69727d;color:#fff}.elementor-widget-text-editor.elementor-drop-cap-view-framed .elementor-drop-cap{color:#69727d;border:3px solid;background-color:transparent}.elementor-widget-text-editor:not(.elementor-drop-cap-view-default) .elementor-drop-cap{margin-top:8px}.elementor-widget-text-editor:not(.elementor-drop-cap-view-default) .elementor-drop-cap-letter{width:1em;height:1em}.elementor-widget-text-editor .elementor-drop-cap{float:left;text-align:center;line-height:1;font-size:50px}.elementor-widget-text-editor .elementor-drop-cap-letter{display:inline-block}<\/style>\t\t\t\t<p>Le pr\u00e9sident James Kayembe a d\u00e9clar\u00e9 qu&#8217;il aiderait les jeunes talentueux qui ont l&#8217;id\u00e9e de commerce avec du capital \u00e0 d\u00e9marrer leur entreprise en s&#8217;associant avec eux et ceux qui ont du capital pour les affaires mais sans savoir par o\u00f9 commencer.<\/p>\t\t\t\t\t\t<\/div>\n\t\t\t\t<\/div>\n\t\t\t\t<\/div>\n\t\t\t\t\t<\/div>\n\t\t\t\t<\/div>\n\t\t<div class=\"elementor-element elementor-element-mbpz51l e-flex e-con-boxed e-con e-parent\" data-id=\"mbpz51l\" data-element_type=\"container\" data-settings=\"{&quot;background_background&quot;:&quot;classic&quot;,&quot;content_width&quot;:&quot;boxed&quot;}\" data-core-v316-plus=\"true\">\n\t\t\t\t\t<div class=\"e-con-inner\">\n\t\t<div class=\"elementor-element elementor-element-b19ea39 e-con-full e-flex e-con e-child\" data-id=\"b19ea39\" data-element_type=\"container\" data-settings=\"{&quot;content_width&quot;:&quot;full&quot;,&quot;background_background&quot;:&quot;gradient&quot;}\">\n\t\t\t\t<div class=\"elementor-element elementor-element-f99f203 elementor-widget elementor-widget-image\" data-id=\"f99f203\" data-element_type=\"widget\" data-widget_type=\"image.default\">\n\t\t\t\t<div class=\"elementor-widget-container\">\n\t\t\t<style>\/*! elementor - v3.19.0 - 07-02-2024 *\/\n.elementor-widget-image{text-align:center}.elementor-widget-image a{display:inline-block}.elementor-widget-image a img[src$=\".svg\"]{width:48px}.elementor-widget-image img{vertical-align:middle;display:inline-block}<\/style>\t\t\t\t\t\t\t\t\t\t<img fetchpriority=\"high\" decoding=\"async\" width=\"1024\" height=\"682\" src=\"https:\/\/rlcongo.co.za\/wp-content\/uploads\/2024\/02\/WhatsApp-Image-2024-02-14-at-9.27.45-PM-1024x682.jpeg\" class=\"attachment-large size-large wp-image-295\" alt=\"\" srcset=\"https:\/\/rlcongo.co.za\/wp-content\/uploads\/2024\/02\/WhatsApp-Image-2024-02-14-at-9.27.45-PM-1024x682.jpeg 1024w, https:\/\/rlcongo.co.za\/wp-content\/uploads\/2024\/02\/WhatsApp-Image-2024-02-14-at-9.27.45-PM-600x400.jpeg 600w, https:\/\/rlcongo.co.za\/wp-content\/uploads\/2024\/02\/WhatsApp-Image-2024-02-14-at-9.27.45-PM-300x200.jpeg 300w, https:\/\/rlcongo.co.za\/wp-content\/uploads\/2024\/02\/WhatsApp-Image-2024-02-14-at-9.27.45-PM-768x512.jpeg 768w, https:\/\/rlcongo.co.za\/wp-content\/uploads\/2024\/02\/WhatsApp-Image-2024-02-14-at-9.27.45-PM.jpeg 1280w\" sizes=\"(max-width: 1024px) 100vw, 1024px\" \/>\t\t\t\t\t\t\t\t\t\t\t\t\t<\/div>\n\t\t\t\t<\/div>\n\t\t\t\t<div class=\"elementor-element elementor-element-d1c18d2 elementor-widget elementor-widget-image-box\" data-id=\"d1c18d2\" data-element_type=\"widget\" data-widget_type=\"image-box.default\">\n\t\t\t\t<div class=\"elementor-widget-container\">\n\t\t\t<style>\/*! elementor - v3.19.0 - 07-02-2024 *\/\n.elementor-widget-image-box .elementor-image-box-content{width:100%}@media (min-width:768px){.elementor-widget-image-box.elementor-position-left .elementor-image-box-wrapper,.elementor-widget-image-box.elementor-position-right .elementor-image-box-wrapper{display:flex}.elementor-widget-image-box.elementor-position-right .elementor-image-box-wrapper{text-align:right;flex-direction:row-reverse}.elementor-widget-image-box.elementor-position-left .elementor-image-box-wrapper{text-align:left;flex-direction:row}.elementor-widget-image-box.elementor-position-top .elementor-image-box-img{margin:auto}.elementor-widget-image-box.elementor-vertical-align-top .elementor-image-box-wrapper{align-items:flex-start}.elementor-widget-image-box.elementor-vertical-align-middle .elementor-image-box-wrapper{align-items:center}.elementor-widget-image-box.elementor-vertical-align-bottom .elementor-image-box-wrapper{align-items:flex-end}}@media (max-width:767px){.elementor-widget-image-box .elementor-image-box-img{margin-left:auto!important;margin-right:auto!important;margin-bottom:15px}}.elementor-widget-image-box .elementor-image-box-img{display:inline-block}.elementor-widget-image-box .elementor-image-box-title a{color:inherit}.elementor-widget-image-box .elementor-image-box-wrapper{text-align:center}.elementor-widget-image-box .elementor-image-box-description{margin:0}<\/style><div class=\"elementor-image-box-wrapper\"><div class=\"elementor-image-box-content\"><h5 class=\"elementor-image-box-title\">D\u00e9partement Commerciale<\/h5><p class=\"elementor-image-box-description\">Organisation commerciale R.L.C cr\u00e9\u00e9e en 2019 au Congo RDC. En 2019, des jeunes recherchent du soutien pour comprendre les complexit\u00e9s de la finance d'entreprise. Le pr\u00e9sident James Kayembe a d\u00e9clar\u00e9 que dans la plupart des pays africains, le taux de ch\u00f4mage atteint le pourcentage le plus \u00e9lev\u00e9. Et pour cette raison, le Pr\u00e9sident James Kayembe a d\u00e9cid\u00e9 de cr\u00e9er de multiples entreprises et activit\u00e9s pour les jeunes. \n\nLe Pr\u00e9sident James Kayembe a d\u00e9clar\u00e9 qu'il aimerait voir tous les jeunes s'utiliser en faisant des affaires ou toute autre activit\u00e9. Il cr\u00e9erait des milliers d'entreprises diff\u00e9rentes. et des activit\u00e9s pour tous les jeunes d'Afrique afin qu'ils puissent prendre soin d'eux et de leurs familles \u00e0 commencer par le Congo RDC. Will aide les jeunes talentueux qui ont l'esprit d'entreprise avec du capital \u00e0 d\u00e9marrer leur entreprise en s'associant avec eux et ceux qui ont du capital pour les affaires mais sans savoir par o\u00f9 commencer. <\/p><\/div><\/div>\t\t<\/div>\n\t\t\t\t<\/div>\n\t\t\t\t<\/div>\n\t\t<div class=\"elementor-element elementor-element-ec35598 e-con-full e-flex e-con e-child\" data-id=\"ec35598\" data-element_type=\"container\" data-settings=\"{&quot;content_width&quot;:&quot;full&quot;,&quot;background_background&quot;:&quot;classic&quot;}\">\n\t\t\t\t<div class=\"elementor-element elementor-element-2d2b862 elementor-widget elementor-widget-image\" data-id=\"2d2b862\" data-element_type=\"widget\" data-widget_type=\"image.default\">\n\t\t\t\t<div class=\"elementor-widget-container\">\n\t\t\t\t\t\t\t\t\t\t\t\t\t<img decoding=\"async\" width=\"1024\" height=\"682\" src=\"https:\/\/rlcongo.co.za\/wp-content\/uploads\/2024\/02\/WhatsApp-Image-2024-02-14-at-9.26.00-PM-1024x682.jpeg\" class=\"attachment-large size-large wp-image-290\" alt=\"\" srcset=\"https:\/\/rlcongo.co.za\/wp-content\/uploads\/2024\/02\/WhatsApp-Image-2024-02-14-at-9.26.00-PM-1024x682.jpeg 1024w, https:\/\/rlcongo.co.za\/wp-content\/uploads\/2024\/02\/WhatsApp-Image-2024-02-14-at-9.26.00-PM-600x400.jpeg 600w, https:\/\/rlcongo.co.za\/wp-content\/uploads\/2024\/02\/WhatsApp-Image-2024-02-14-at-9.26.00-PM-300x200.jpeg 300w, https:\/\/rlcongo.co.za\/wp-content\/uploads\/2024\/02\/WhatsApp-Image-2024-02-14-at-9.26.00-PM-768x512.jpeg 768w, https:\/\/rlcongo.co.za\/wp-content\/uploads\/2024\/02\/WhatsApp-Image-2024-02-14-at-9.26.00-PM-1536x1023.jpeg 1536w, https:\/\/rlcongo.co.za\/wp-content\/uploads\/2024\/02\/WhatsApp-Image-2024-02-14-at-9.26.00-PM.jpeg 1600w\" sizes=\"(max-width: 1024px) 100vw, 1024px\" \/>\t\t\t\t\t\t\t\t\t\t\t\t\t<\/div>\n\t\t\t\t<\/div>\n\t\t\t\t<div class=\"elementor-element elementor-element-fa4c287 elementor-widget elementor-widget-image-box\" data-id=\"fa4c287\" data-element_type=\"widget\" data-widget_type=\"image-box.default\">\n\t\t\t\t<div class=\"elementor-widget-container\">\n\t\t\t<div class=\"elementor-image-box-wrapper\"><div class=\"elementor-image-box-content\"><h5 class=\"elementor-image-box-title\">d\u00e9veloppement<\/h5><p class=\"elementor-image-box-description\">Nous d\u00e9veloppons les propri\u00e9taires d'entreprise et leurs entreprises, nous aidons et facilitons les entrepreneurs \u00e0 acheter et vendre des marchandises dans le monde entier. Nous proposons une formation \u00e0 ceux qui souhaitent d\u00e9marrer leur entreprise sur comment et o\u00f9 acheter des marchandises \u00e0 un prix abordable et comment les vendre.\nnous pourrions faciliter la survie et la croissance des petites entreprises. D\u00e8s le d\u00e9part, notre plateforme en ligne intelligente a \u00e9t\u00e9 con\u00e7ue dans ce but.\nNous avons constitu\u00e9 une solide \u00e9quipe de support, ajout\u00e9 des produits, attir\u00e9 des investisseurs et nous sommes alli\u00e9s \u00e0 des partenaires qui partagent nos valeurs. Malgr\u00e9 tout, nous sommes rest\u00e9s concentr\u00e9s sur les besoins de nos clients. C\u2019est pourquoi ils nous \u00e9valuent syst\u00e9matiquement \u00e0 un niveau de satisfaction de classe mondiale. \u00c0 l'OMD, <\/p><\/div><\/div>\t\t<\/div>\n\t\t\t\t<\/div>\n\t\t\t\t<\/div>\n\t\t\t\t\t<\/div>\n\t\t\t\t<\/div>\n\t\t<div class=\"elementor-element elementor-element-1xywy4y e-flex e-con-boxed e-con e-parent\" data-id=\"1xywy4y\" data-element_type=\"container\" data-settings=\"{&quot;background_background&quot;:&quot;classic&quot;,&quot;content_width&quot;:&quot;boxed&quot;}\" data-core-v316-plus=\"true\">\n\t\t\t\t\t<div class=\"e-con-inner\">\n\t\t<div class=\"elementor-element elementor-element-a722f70 e-con-full e-flex e-con e-child\" data-id=\"a722f70\" data-element_type=\"container\" data-settings=\"{&quot;content_width&quot;:&quot;full&quot;,&quot;background_background&quot;:&quot;classic&quot;}\">\n\t\t\t\t<div class=\"elementor-element elementor-element-07df97f elementor-widget elementor-widget-image\" data-id=\"07df97f\" data-element_type=\"widget\" data-widget_type=\"image.default\">\n\t\t\t\t<div class=\"elementor-widget-container\">\n\t\t\t\t\t\t\t\t\t\t\t\t\t<img decoding=\"async\" width=\"800\" height=\"600\" src=\"https:\/\/rlcongo.co.za\/wp-content\/uploads\/2024\/02\/WhatsApp-Image-2024-02-14-at-9.29.06-PM.jpeg\" class=\"attachment-large size-large wp-image-296\" alt=\"\" srcset=\"https:\/\/rlcongo.co.za\/wp-content\/uploads\/2024\/02\/WhatsApp-Image-2024-02-14-at-9.29.06-PM.jpeg 800w, https:\/\/rlcongo.co.za\/wp-content\/uploads\/2024\/02\/WhatsApp-Image-2024-02-14-at-9.29.06-PM-600x450.jpeg 600w, https:\/\/rlcongo.co.za\/wp-content\/uploads\/2024\/02\/WhatsApp-Image-2024-02-14-at-9.29.06-PM-300x225.jpeg 300w, https:\/\/rlcongo.co.za\/wp-content\/uploads\/2024\/02\/WhatsApp-Image-2024-02-14-at-9.29.06-PM-768x576.jpeg 768w\" sizes=\"(max-width: 800px) 100vw, 800px\" \/>\t\t\t\t\t\t\t\t\t\t\t\t\t<\/div>\n\t\t\t\t<\/div>\n\t\t\t\t<div class=\"elementor-element elementor-element-da03def elementor-widget elementor-widget-image-box\" data-id=\"da03def\" data-element_type=\"widget\" data-widget_type=\"image-box.default\">\n\t\t\t\t<div class=\"elementor-widget-container\">\n\t\t\t<div class=\"elementor-image-box-wrapper\"><div class=\"elementor-image-box-content\"><h5 class=\"elementor-image-box-title\">Notre vision<\/h5><p class=\"elementor-image-box-description\">notre vision est de donner aux petites entreprises et \u00e0 leurs conseillers transparence et contr\u00f4le sur le financement des entreprises, en un seul endroit. Chaque entreprise m\u00e9rite une chance \u00e9gale de succ\u00e8s. Nous devons donc rendre le financement des entreprises plus clair. Montrer l\u2019impact des cotes de cr\u00e9dit sur les plans de croissance et comment les am\u00e9liorer. Pour trouver un financement mieux adapt\u00e9. Et pour d\u00e9tecter les risques pesant sur les flux de tr\u00e9sorerie avant qu'ils ne deviennent une menace\nNous pr\u00e9sentons des id\u00e9es commerciales et les facilitons\nPersonne qui souhaite d\u00e9marrer une entreprise et ne sait pas par o\u00f9 commencer, nous fournissons des id\u00e9es commerciales, des \u00e9quipements et des consommateurs pour l\u2019entreprise.\n<\/p><\/div><\/div>\t\t<\/div>\n\t\t\t\t<\/div>\n\t\t\t\t<\/div>\n\t\t<div class=\"elementor-element elementor-element-78f6d94 e-con-full e-flex e-con e-child\" data-id=\"78f6d94\" data-element_type=\"container\" data-settings=\"{&quot;content_width&quot;:&quot;full&quot;,&quot;background_background&quot;:&quot;classic&quot;}\">\n\t\t\t\t<div class=\"elementor-element elementor-element-4befabd elementor-widget elementor-widget-image\" data-id=\"4befabd\" data-element_type=\"widget\" data-widget_type=\"image.default\">\n\t\t\t\t<div class=\"elementor-widget-container\">\n\t\t\t\t\t\t\t\t\t\t\t\t\t<img loading=\"lazy\" decoding=\"async\" width=\"1024\" height=\"690\" src=\"https:\/\/rlcongo.co.za\/wp-content\/uploads\/2024\/02\/WhatsApp-Image-2024-02-14-at-9.29.36-PM.jpeg\" class=\"attachment-large size-large wp-image-297\" alt=\"\" srcset=\"https:\/\/rlcongo.co.za\/wp-content\/uploads\/2024\/02\/WhatsApp-Image-2024-02-14-at-9.29.36-PM.jpeg 1025w, https:\/\/rlcongo.co.za\/wp-content\/uploads\/2024\/02\/WhatsApp-Image-2024-02-14-at-9.29.36-PM-600x404.jpeg 600w, https:\/\/rlcongo.co.za\/wp-content\/uploads\/2024\/02\/WhatsApp-Image-2024-02-14-at-9.29.36-PM-300x202.jpeg 300w, https:\/\/rlcongo.co.za\/wp-content\/uploads\/2024\/02\/WhatsApp-Image-2024-02-14-at-9.29.36-PM-768x518.jpeg 768w\" sizes=\"(max-width: 1024px) 100vw, 1024px\" \/>\t\t\t\t\t\t\t\t\t\t\t\t\t<\/div>\n\t\t\t\t<\/div>\n\t\t\t\t<div class=\"elementor-element elementor-element-03e1dc6 elementor-widget elementor-widget-image-box\" data-id=\"03e1dc6\" data-element_type=\"widget\" data-widget_type=\"image-box.default\">\n\t\t\t\t<div class=\"elementor-widget-container\">\n\t\t\t<div class=\"elementor-image-box-wrapper\"><div class=\"elementor-image-box-content\"><h5 class=\"elementor-image-box-title\">Nous aidons<\/h5><p class=\"elementor-image-box-description\">Nous achetons et vendons\nUn entrepreneur qui souhaite acheter des marchandises pour son entreprise mais ne sait pas o\u00f9 acheter, nous facilitons l\u2019achat de la marchandise en son nom et nous pouvons \u00e9galement fournir des client\u00e8les et vendre la marchandise en son nom.\n\nNous fournissons des marchandises dans le monde entier\nNous fournissons des marchandises et livrons dans le monde entier en toute quantit\u00e9. Nous facilitons \u00e9galement l'importation et l'exportation de marchandises\n\nProtection des entreprises\nNous sauvons et prot\u00e9geons les entrepreneurs et leurs entreprises.\nNous avons des avocats locaux et internationaux\nNous disposons de forces de s\u00e9curit\u00e9 locales et internationales\nNous avons une assurance entreprise locale et internationale<\/p><\/div><\/div>\t\t<\/div>\n\t\t\t\t<\/div>\n\t\t\t\t<\/div>\n\t\t\t\t\t<\/div>\n\t\t\t\t<\/div>\n\t\t\t\t<\/div>\n\t\t","protected":false},"excerpt":{"rendered":"<p>D\u00e9partement Commerciale de la R.L.C Le pr\u00e9sident James Kayembe a d\u00e9clar\u00e9 qu&#8217;il aiderait les jeunes talentueux qui ont l&#8217;id\u00e9e de [&hellip;]<\/p>\n","protected":false},"author":1,"featured_media":0,"parent":0,"menu_order":2,"comment_status":"closed","ping_status":"closed","template":"","meta":{"om_disable_all_campaigns":false,"_monsterinsights_skip_tracking":false,"_monsterinsights_sitenote_active":false,"_monsterinsights_sitenote_note":"","_monsterinsights_sitenote_category":0,"site-sidebar-layout":"no-sidebar","site-content-layout":"","ast-site-content-layout":"full-width-container","site-content-style":"default","site-sidebar-style":"default","ast-global-header-display":"","ast-banner-title-visibility":"","ast-main-header-display":"","ast-hfb-above-header-display":"","ast-hfb-below-header-display":"","ast-hfb-mobile-header-display":"","site-post-title":"disabled","ast-breadcrumbs-content":"","ast-featured-img":"disabled","footer-sml-layout":"","theme-transparent-header-meta":"","adv-header-id-meta":"","stick-header-meta":"","header-above-stick-meta":"","header-main-stick-meta":"","header-below-stick-meta":"","astra-migrate-meta-layouts":"default","ast-page-background-enabled":"default","ast-page-background-meta":{"desktop":{"background-color":"var(--ast-global-color-4)","background-image":"","background-repeat":"repeat","background-position":"center center","background-size":"auto","background-attachment":"scroll","background-type":"","background-media":"","overlay-type":"","overlay-color":"","overlay-gradient":""},"tablet":{"background-color":"","background-image":"","background-repeat":"repeat","background-position":"center center","background-size":"auto","background-attachment":"scroll","background-type":"","background-media":"","overlay-type":"","overlay-color":"","overlay-gradient":""},"mobile":{"background-color":"","background-image":"","background-repeat":"repeat","background-position":"center center","background-size":"auto","background-attachment":"scroll","background-type":"","background-media":"","overlay-type":"","overlay-color":"","overlay-gradient":""}},"ast-content-background-meta":{"desktop":{"background-color":"var(--ast-global-color-5)","background-image":"","background-repeat":"repeat","background-position":"center center","background-size":"auto","background-attachment":"scroll","background-type":"","background-media":"","overlay-type":"","overlay-color":"","overlay-gradient":""},"tablet":{"background-color":"var(--ast-global-color-5)","background-image":"","background-repeat":"repeat","background-position":"center center","background-size":"auto","background-attachment":"scroll","background-type":"","background-media":"","overlay-type":"","overlay-color":"","overlay-gradient":""},"mobile":{"background-color":"var(--ast-global-color-5)","background-image":"","background-repeat":"repeat","background-position":"center center","background-size":"auto","background-attachment":"scroll","background-type":"","background-media":"","overlay-type":"","overlay-color":"","overlay-gradient":""}},"footnotes":""},"aioseo_notices":[],"_links":{"self":[{"href":"https:\/\/rlcongo.co.za\/index.php?rest_route=\/wp\/v2\/pages\/163"}],"collection":[{"href":"https:\/\/rlcongo.co.za\/index.php?rest_route=\/wp\/v2\/pages"}],"about":[{"href":"https:\/\/rlcongo.co.za\/index.php?rest_route=\/wp\/v2\/types\/page"}],"author":[{"embeddable":true,"href":"https:\/\/rlcongo.co.za\/index.php?rest_route=\/wp\/v2\/users\/1"}],"replies":[{"embeddable":true,"href":"https:\/\/rlcongo.co.za\/index.php?rest_route=%2Fwp%2Fv2%2Fcomments&post=163"}],"version-history":[{"count":93,"href":"https:\/\/rlcongo.co.za\/index.php?rest_route=\/wp\/v2\/pages\/163\/revisions"}],"predecessor-version":[{"id":899,"href":"https:\/\/rlcongo.co.za\/index.php?rest_route=\/wp\/v2\/pages\/163\/revisions\/899"}],"wp:attachment":[{"href":"https:\/\/rlcongo.co.za\/index.php?rest_route=%2Fwp%2Fv2%2Fmedia&parent=163"}],"curies":[{"name":"wp","href":"https:\/\/api.w.org\/{rel}","templated":true}]}}